{"id":3,"date":"2025-11-05T14:29:55","date_gmt":"2025-11-05T14:29:55","guid":{"rendered":"http:\/\/adviventures.com\/?page_id=3"},"modified":"2025-11-10T10:18:18","modified_gmt":"2025-11-10T10:18:18","slug":"privacy-policy","status":"publish","type":"page","link":"https:\/\/adviventures.com\/en\/privacy-policy\/","title":{"rendered":"Privacy Policy"},"content":{"rendered":"<h2 class=\"wp-block-heading\">Legal Notice \u2013 Privacy Policy<\/h2>\n\n\n\n<p><strong>1. Datos Identificativos<\/strong><\/p>\n\n\n\n<p>ADVI VENTURES SLen adelante ADVI VENTURES, titular del dominio web&nbsp;<a href=\"https:\/\/digitalgreen.es\/\">https:\/\/adviventures.es\/<\/a>&nbsp;con domicilio a estos efectos en Calle Santo Cristo de los Milagros, 4, 22004 Huesca, Espa\u00f1a, n\u00famero de C.I.F.: B67990820 y correo electr\u00f3nico de contacto:&nbsp;info@villellas.com<\/p>\n\n\n\n<p><strong>2. Protecci\u00f3n de Datos<\/strong><\/p>\n\n\n\n<p>ADVI VENTURES, en cumplimiento de la&nbsp;Ley Org\u00e1nica 3\/2018, de 5 de diciembre, de Protecci\u00f3n de Datos Personales y garant\u00eda de los derechos digitales, y el&nbsp;RGPD, vela por garantizar un<br>correcto uso y tratamiento de los datos personales del usuario. Para ello, junto a cada formulario de recabo de datos de car\u00e1cter personal, en los servicios que el usuario pueda solicitar a ADVI VENTURES, har\u00e1 saber al usuario de la existencia y aceptaci\u00f3n de las condiciones particulares del tratamiento de sus datos en cada caso, inform\u00e1ndole de la responsabilidad del fichero creado, la direcci\u00f3n del responsable, la posibilidad de ejercer sus derechos, la finalidad del tratamiento y las comunicaciones de datos a terceros en su caso.<\/p>\n\n\n\n<p><strong>3. Cookies<\/strong><\/p>\n\n\n\n<p>Asimismo, ADVI VENTURES informa que da cumplimiento a la&nbsp;Ley 34\/2002 de 11 de julio, de Servicios de la Sociedad de la Informaci\u00f3n y el Comercio Electr\u00f3nico&nbsp;y le solicitar\u00e1 su consentimiento expreso al tratamiento de su correo electr\u00f3nico con fines comerciales en cada momento, uso de Cookies y del fichero de actividad.<br>El prestador por su propia cuenta o la de un tercero contratado para la prestaci\u00f3n de servicios de medici\u00f3n, pueden utilizar cookies cuando un usuario navega por el sitio web. Las cookies<br>son ficheros enviados al navegador por medio de un servidor web con la finalidad de registrar las actividades del usuario durante su tiempo de navegaci\u00f3n.<br>Las cookies utilizadas por el sitio web se asocian \u00fanicamente con un usuario an\u00f3nimo y su ordenador, y no proporcionan por s\u00ed mismas los datos personales del usuario.<br>Mediante el uso de las cookies resulta posible que el servidor donde se encuentra la web, reconozca el navegador web utilizado por el usuario con la finalidad de que la navegaci\u00f3n sea<br>m\u00e1s sencilla, permitiendo, por ejemplo, el acceso a los usuarios que se hayan registrado previamente, acceder a las \u00e1reas, servicios, promociones o concursos reservados exclusivamente a ellos sin tener que registrarse en cada visita.<br>Se utilizan tambi\u00e9n para medir la audiencia y par\u00e1metros del tr\u00e1fico, controlar el progreso y n\u00famero de entradas. El usuario tiene la posibilidad de configurar su navegador para ser avisado de la recepci\u00f3n de cookies y para impedir su instalaci\u00f3n en su equipo. Por favor, consulte las instrucciones y manuales de su navegador para ampliar esta informaci\u00f3n.<br>Para utilizar el sitio web, no resulta necesario que el usuario permita la instalaci\u00f3n de las cookies enviadas por el sitio web, o el tercero que act\u00fae en su nombre, sin perjuicio de que sea necesario que el usuario inicie una sesi\u00f3n como tal en cada uno de los servicios cuya prestaci\u00f3n requiera el previo registro o \u2018login\u2019.Las cookies utilizadas en este sitio web tienen, en todo caso, car\u00e1cter temporal con la \u00fanica finalidad de hacer m\u00e1s eficaz su transmisi\u00f3n ulterior. En ning\u00fan caso se utilizar\u00e1n las cookies para recoger informaci\u00f3n de car\u00e1cter personal.<\/p>\n\n\n\n<p><strong>4. Direcciones IP<\/strong><\/p>\n\n\n\n<p>Los servidores del sitio web podr\u00e1n detectar de manera autom\u00e1tica la direcci\u00f3n IP y el nombre de dominio utilizados por el usuario.<br>Una direcci\u00f3n IP es un n\u00famero asignado autom\u00e1ticamente a un ordenador cuando \u00e9sta se conecta a Internet. Toda esta informaci\u00f3n es registrada en un fichero de actividad del servidor debidamente inscrito que permite el posterior procesamiento de los datos con el fin de obtener mediciones \u00fanicamente estad\u00edsticas que permitan conocer el n\u00famero de impresiones de p\u00e1ginas, el n\u00famero de visitas realizadas a los servicios web, el orden de visitas, el punto de acceso, etc.<\/p>\n\n\n\n<p><strong>5. Seguridad<\/strong><\/p>\n\n\n\n<p>El sitio web utiliza t\u00e9cnicas de seguridad de la informaci\u00f3n generalmente aceptadas en la industria, tales como firewalls, procedimientos de control de acceso y mecanismos criptogr\u00e1ficos, todo ello con el objeto de evitar el acceso no autorizado a los datos.<br>Para lograr estos fines, el usuario\/cliente&nbsp;acepta expresamente&nbsp;que el prestador obtenga datos para efectos de la correspondiente autenticaci\u00f3n de los controles de acceso.<br>Todo proceso de contrataci\u00f3n o que conlleve la introducci\u00f3n de datos personales sensibles (salud, ideolog\u00eda,\u2026) ser\u00e1n siempre transmitidos mediante protocolo de comunicaci\u00f3n segura (Https:\/\/,\u2026), de tal forma que ning\u00fan tercero tenga acceso a la informaci\u00f3n transmitida v\u00eda electr\u00f3nica.<\/p>\n\n\n\n<p><strong>6. Menores de edad<\/strong><\/p>\n\n\n\n<p>Los menores de 14 a\u00f1os no deber\u00e1n ceder sus datos personales a ADVI VENTURES, sin el previo consentimiento de sus padres o tutores.<br>Con la publicaci\u00f3n del RGPD, se prev\u00e9 la determinaci\u00f3n de la edad para consentir la cesi\u00f3n de datos personales entre los 16 y 13 a\u00f1os, cuesti\u00f3n que en la actualidad se haya por definir.<br>En caso de que ADVI VENTURES detecte usuarios en la web que pudieran ser&nbsp;menores de 14 a\u00f1os, se reserva el derecho a solicitarle una copia de su DNI, o, en su caso, la autorizaci\u00f3n de sus padres o tutores, causando su baja en caso de no acreditar el cumplimiento de este requisito o falta de respuesta.<\/p>\n\n\n\n<p><strong>7. Pol\u00edtica de privacidad RRSS<\/strong><\/p>\n\n\n\n<p>ADVI VENTURES en adelante RESPONSABLE informa al USUARIO de que ha procedido a crear un perfil en las Redes Sociales Facebook, Instagram, LinkedIN, Youtube, etc, que es el responsable del tratamiento de los datos personales del usuario que se lleve a cabo en dichas redes sociales y le informa que estos datos ser\u00e1n tratados de conformidad con lo dispuesto en el Reglamento (UE) 2016\/679 de 27 de abril (GDPR) y la Ley Org\u00e1nica 3\/2018 de 5 de diciembre (LOPDGDD), por lo que se le facilita la siguiente informaci\u00f3n del tratamiento:<\/p>\n\n\n\n<ul class=\"wp-block-list\">\n<li>Tramitar solicitudes y consultas planteadas al responsable<\/li>\n\n\n\n<li>Informar sobre actividades y eventos organizados por el responsable Informar sobre productos o servicios ofrecidos por el responsable.<\/li>\n\n\n\n<li>Interactuar a trav\u00e9s de los perfiles oficiales<\/li>\n<\/ul>\n\n\n\n<p>El USUARIO dispone de un perfil en la misma Red Social y ha decidido unirse a la red social del RESPONSABLE mostrando as\u00ed inter\u00e9s en la informaci\u00f3n que se publique en la misma, por tanto en el momento de solicitar seguir nuestros perfiles oficiales, nos facilita su consentimiento para el tratamiento de aquellos datos personales publicados en su perfil.<\/p>\n\n\n\n<p>El USUARIO puede acceder en todo momento a las pol\u00edticas de privacidad de la propia Red Social, as\u00ed como configurar su perfil para garantizar su privacidad.<\/p>\n\n\n\n<p>El RESPONSABLE tiene acceso y trata aquella informaci\u00f3n p\u00fablica del USUARIO, en especial, su nombre de contacto. Estos datos s\u00f3lo son utilizados dentro de la propia Red Social y no son incorporados a ning\u00fan fichero.<\/p>\n\n\n\n<p>ADVI VENTURES se reserva el derecho a realizar concursos y promociones, en los que podr\u00e1 participar el usuario unido a su p\u00e1gina. Las bases de cada uno de ellos, cuando se utilice para ello la plataforma de la Red Social, ser\u00e1n publicadas en la misma. Cumpliendo siempre con la LSSI-CE y con cualquier otra norma que le sea de aplicaci\u00f3n.<\/p>\n\n\n\n<p><strong>8. Ejercicio de derechos<\/strong><\/p>\n\n\n\n<p>En todo momento el usuario web podr\u00e1 modificar sus preferencias de env\u00edos comerciales, as\u00ed como ejercer sus derechos previstos en la normativa, mediante una comunicaci\u00f3n escrita dirigida a ADVI VENTURES, a la direcci\u00f3n postal de Plaza San Antonio, 7 entreplanta, 22002 o v\u00eda email. En ambos casos, el usuario deber\u00e1 acompa\u00f1ar una copia de su DNI, pasaporte o similar.<\/p>\n\n\n\n<ul class=\"wp-block-list\">\n<li>ACCESO: Obtener confirmaci\u00f3n de si se est\u00e1n tratando sus datos.<\/li>\n\n\n\n<li>SUPRESI\u00d3N: Obtener la supresi\u00f3n de sus datos.<\/li>\n\n\n\n<li>RECTIFICACI\u00d3N: Modificar los datos inexactos, err\u00f3neos o incompletos.<\/li>\n\n\n\n<li>PORTABILIDAD: Recibir de ADVI VENTURES los datos personales que le incumban y a transmitirlos a otro responsable del tratamiento.<\/li>\n\n\n\n<li>OPOSICI\u00d3N: Oponerse a que datos personales que le conciernan sean objeto de un tratamiento basado en el cumplimiento de finalidades de inter\u00e9s p\u00fablico, o de inter\u00e9s leg\u00edtimo para el responsable.<\/li>\n\n\n\n<li>LIMITACI\u00d3N DEL TRATAMIENTO: Obtener del responsable del tratamiento la limitaci\u00f3n del tratamiento de los datos.<\/li>\n<\/ul>\n\n\n\n<p>Tambi\u00e9n, puede usar los modelos y formularios que para el ejercicio de estos derechos pone a su disposici\u00f3n el portal de la AEPD. Y, si no desea recibir comunicaciones por correo electr\u00f3nico puede&nbsp;ejercer su derecho de cancelaci\u00f3n y oposici\u00f3n&nbsp;solicitando su baja igualmente por correo ordinario o electr\u00f3nico, adem\u00e1s de a trav\u00e9s del enlace que tendr\u00e1 en cada correo electr\u00f3nico que reciba de ADVI VENTURES.<\/p>\n\n\n\n<p><strong>9. Actividad de tratamiento y finalidad<\/strong><\/p>\n\n\n\n<p>ADVI VENTURES recoge la informaci\u00f3n de cada cliente\/proveedor\/etc. para la prestaci\u00f3n de nuestro servicio en el cu\u00e1l asesoramos y ayudamos a nuestros clientes para el buen funcionamiento de sus plataformas y proyectos online.<br>Categor\u00edas de datos a los que se tiene acceso: Datos identificativos (Nombre, apellidos, email, tel\u00e9fono, etc.), datos profesionales.<\/p>\n\n\n\n<p>ADVI VENTURES informa a los usuarios de la web de que sus datos personales&nbsp;no ser\u00e1n cedidos a terceras personas u organizaciones&nbsp;excepto cuando la cesi\u00f3n de datos este amparada en una obligaci\u00f3n legal o cuando la prestaci\u00f3n del servicio implique la necesidad de una relaci\u00f3n contractual con proveedores de servicios encargados del tratamiento. En este \u00faltimo caso, solo se llevar\u00e1 a cabo la cesi\u00f3n de datos al tercero cuando ADVI VENTURES disponga del&nbsp;consentimiento expreso del usuario&nbsp;y mantenga una relaci\u00f3n contractual con el encargado del tratamiento que garantice su confidencialidad y cumplimiento.<br><br>ADVI VENTURES&nbsp;proh\u00edbe expresamente&nbsp;al usuario de la web&nbsp;compartir, facilitar o ceder&nbsp;datos de terceros, que pudiera obtener del contacto, interacci\u00f3n o realizaci\u00f3n de navegaci\u00f3n o consulta a trav\u00e9s de esta web, excepto si pudiera acreditar la expresa autorizaci\u00f3n del usuario cuyos datos pretende ceder.<br><br>Recordamos a los usuarios de la web que DATOS tambi\u00e9n engloba a archivos de imagen de personas. La imagen personal es un dato protegido por la normativa (Art\u00edculo 5.1 del Reglamento de desarrollo de la LOPD). Por tanto, nadie podr\u00e1 utilizarla&nbsp;sin el consentimiento expreso&nbsp;de la persona que aparece en ella.<\/p>\n\n\n\n<p><strong>10. Legislaci\u00f3n aplicable<\/strong><\/p>\n\n\n\n<p>La&nbsp;pol\u00edtica de privacidad&nbsp;de ADVI VENTURES se rige por las siguientes normas:<\/p>\n\n\n\n<ul class=\"wp-block-list\">\n<li>El Reglamento (UE) 2016\/679 del Parlamento Europeo y del Consejo, de 27 de abril de 2016, relativo a la protecci\u00f3n de las personas f\u00edsicas en lo que respecta al tratamiento de datos personales y a la libre circulaci\u00f3n de estos datos;<\/li>\n\n\n\n<li>La Ley 34\/2002, de 11 de julio, de Servicios de la Sociedad de la Informaci\u00f3n y de Comercio Electr\u00f3nico (LSSI-CE).<\/li>\n\n\n\n<li>La Ley Org\u00e1nica 3\/2018, de 5 de diciembre, de Protecci\u00f3n de Datos Personales y garant\u00eda de los derechos digitales.<\/li>\n<\/ul>\n\n\n\n<p><\/p>","protected":false},"excerpt":{"rendered":"<p>Aviso Legal \u2013 Pol\u00edtica de privacidad 1. Datos Identificativos ADVI VENTURES SLen adelante ADVI VENTURES, titular del dominio web&nbsp;https:\/\/adviventures.es\/&nbsp;con domicilio a estos efectos en Calle Santo Cristo de los Milagros, 4, 22004 Huesca, Espa\u00f1a, n\u00famero de C.I.F.: B67990820 y correo electr\u00f3nico de contacto:&nbsp;info@villellas.com 2. Protecci\u00f3n de Datos ADVI VENTURES, en cumplimiento de la&nbsp;Ley Org\u00e1nica 3\/2018, [&hellip;]<\/p>","protected":false},"author":1,"featured_media":0,"parent":0,"menu_order":0,"comment_status":"closed","ping_status":"closed","template":"","meta":{"om_disable_all_campaigns":false,"_uag_custom_page_level_css":"","site-sidebar-layout":"default","site-content-layout":"","ast-site-content-layout":"default","site-content-style":"default","site-sidebar-style":"default","ast-global-header-display":"","ast-banner-title-visibility":"","ast-main-header-display":"","ast-hfb-above-header-display":"","ast-hfb-below-header-display":"","ast-hfb-mobile-header-display":"","site-post-title":"disabled","ast-breadcrumbs-content":"","ast-featured-img":"","footer-sml-layout":"","ast-disable-related-posts":"","theme-transparent-header-meta":"","adv-header-id-meta":"","stick-header-meta":"","header-above-stick-meta":"","header-main-stick-meta":"","header-below-stick-meta":"","astra-migrate-meta-layouts":"set","ast-page-background-enabled":"default","ast-page-background-meta":{"desktop":{"background-color":"","background-image":"","background-repeat":"repeat","background-position":"center center","background-size":"auto","background-attachment":"scroll","background-type":"","background-media":"","overlay-type":"","overlay-color":"","overlay-opacity":"","overlay-gradient":""},"tablet":{"background-color":"","background-image":"","background-repeat":"repeat","background-position":"center center","background-size":"auto","background-attachment":"scroll","background-type":"","background-media":"","overlay-type":"","overlay-color":"","overlay-opacity":"","overlay-gradient":""},"mobile":{"background-color":"","background-image":"","background-repeat":"repeat","background-position":"center center","background-size":"auto","background-attachment":"scroll","background-type":"","background-media":"","overlay-type":"","overlay-color":"","overlay-opacity":"","overlay-gradient":""}},"ast-content-background-meta":{"desktop":{"background-color":"var(--ast-global-color-5)","background-image":"","background-repeat":"repeat","background-position":"center center","background-size":"auto","background-attachment":"scroll","background-type":"","background-media":"","overlay-type":"","overlay-color":"","overlay-opacity":"","overlay-gradient":""},"tablet":{"background-color":"var(--ast-global-color-5)","background-image":"","background-repeat":"repeat","background-position":"center center","background-size":"auto","background-attachment":"scroll","background-type":"","background-media":"","overlay-type":"","overlay-color":"","overlay-opacity":"","overlay-gradient":""},"mobile":{"background-color":"var(--ast-global-color-5)","background-image":"","background-repeat":"repeat","background-position":"center center","background-size":"auto","background-attachment":"scroll","background-type":"","background-media":"","overlay-type":"","overlay-color":"","overlay-opacity":"","overlay-gradient":""}},"footnotes":""},"class_list":["post-3","page","type-page","status-publish","hentry"],"aioseo_notices":[],"_hostinger_reach_plugin_has_subscription_block":false,"_hostinger_reach_plugin_is_elementor":false,"uagb_featured_image_src":{"full":false,"thumbnail":false,"medium":false,"medium_large":false,"large":false,"1536x1536":false,"2048x2048":false,"trp-custom-language-flag":false},"uagb_author_info":{"display_name":"info@villellas.com","author_link":"https:\/\/adviventures.com\/en\/author\/infovillellas-com\/"},"uagb_comment_info":0,"uagb_excerpt":"Aviso Legal \u2013 Pol\u00edtica de privacidad 1. Datos Identificativos ADVI VENTURES SLen adelante ADVI VENTURES, titular del dominio web&nbsp;https:\/\/adviventures.es\/&nbsp;con domicilio a estos efectos en Calle Santo Cristo de los Milagros, 4, 22004 Huesca, Espa\u00f1a, n\u00famero de C.I.F.: B67990820 y correo electr\u00f3nico de contacto:&nbsp;info@villellas.com 2. Protecci\u00f3n de Datos ADVI VENTURES, en cumplimiento de la&nbsp;Ley Org\u00e1nica 3\/2018,&hellip;","_links":{"self":[{"href":"https:\/\/adviventures.com\/en\/wp-json\/wp\/v2\/pages\/3","targetHints":{"allow":["GET"]}}],"collection":[{"href":"https:\/\/adviventures.com\/en\/wp-json\/wp\/v2\/pages"}],"about":[{"href":"https:\/\/adviventures.com\/en\/wp-json\/wp\/v2\/types\/page"}],"author":[{"embeddable":true,"href":"https:\/\/adviventures.com\/en\/wp-json\/wp\/v2\/users\/1"}],"replies":[{"embeddable":true,"href":"https:\/\/adviventures.com\/en\/wp-json\/wp\/v2\/comments?post=3"}],"version-history":[{"count":2,"href":"https:\/\/adviventures.com\/en\/wp-json\/wp\/v2\/pages\/3\/revisions"}],"predecessor-version":[{"id":2040,"href":"https:\/\/adviventures.com\/en\/wp-json\/wp\/v2\/pages\/3\/revisions\/2040"}],"wp:attachment":[{"href":"https:\/\/adviventures.com\/en\/wp-json\/wp\/v2\/media?parent=3"}],"curies":[{"name":"wp","href":"https:\/\/api.w.org\/{rel}","templated":true}]}}