{"id":1865,"date":"2025-11-05T14:32:28","date_gmt":"2025-11-05T14:32:28","guid":{"rendered":"https:\/\/adviventures.com\/home\/"},"modified":"2025-12-05T09:52:25","modified_gmt":"2025-12-05T09:52:25","slug":"inicio","status":"publish","type":"page","link":"https:\/\/adviventures.com\/en\/","title":{"rendered":"Home"},"content":{"rendered":"<div class=\"wp-block-uagb-container uagb-block-ba8a0cae alignfull uagb-is-root-container\"><div class=\"uagb-container-inner-blocks-wrap\">\n<div class=\"wp-block-uagb-info-box uagb-block-e964ad44 uagb-infobox__content-wrap  uagb-infobox-icon-above-title uagb-infobox-image-valign-top\"><div class=\"uagb-ifb-content\"><div class=\"uagb-ifb-title-wrap\"><h1 class=\"uagb-ifb-title\">Strategy, investment, success.<\/h1><\/div><p class=\"uagb-ifb-desc\">We promote brands and projects with a global vision. We combine our experience in marketing, consulting, and investment to help companies grow worldwide.<\/p><div class=\"uagb-ifb-button-wrapper wp-block-button\"><a href=\"\/en\/contact\/\" class=\"uagb-infobox-cta-link wp-block-button__link\" target=\"_self\" rel=\"noopener noreferrer\" onclick=\"return true;\"><span class=\"uagb-inline-editing\">Contact<\/span><svg xmlns=\"https:\/\/www.w3.org\/2000\/svg\" viewbox=\"0 0 512 512\"><path d=\"M502.6 278.6l-128 128c-12.51 12.51-32.76 12.49-45.25 0c-12.5-12.5-12.5-32.75 0-45.25L402.8 288H32C14.31 288 0 273.7 0 255.1S14.31 224 32 224h370.8l-73.38-73.38c-12.5-12.5-12.5-32.75 0-45.25s32.75-12.5 45.25 0l128 128C515.1 245.9 515.1 266.1 502.6 278.6z\"><\/path><\/svg><\/a><\/div><\/div><\/div>\n<\/div><\/div>\n\n\n\n<div data-aos= \"fade-up\" data-aos-duration=\"400\" data-aos-delay=\"0\" data-aos-easing=\"ease\" data-aos-once=\"true\" class=\"wp-block-uagb-container uagb-block-9bbf8991 alignfull uagb-is-root-container\"><div class=\"uagb-container-inner-blocks-wrap\">\n<div class=\"wp-block-uagb-advanced-heading uagb-block-3120f324\"><h2 class=\"uagb-heading-text\">We have been working in the digital marketing sector for over 15 years, helping many companies to grow their business.<\/h2><\/div>\n<\/div><\/div>\n\n\n\n<div class=\"wp-block-uagb-advanced-heading uagb-block-41958880\"><div class=\"uagb-separator\"><\/div><h3 class=\"uagb-heading-text\">Our companies<\/h3><\/div>\n\n\n\n<div class=\"wp-block-uagb-container uagb-block-b5ad44ad alignfull uagb-is-root-container\"><div class=\"uagb-container-inner-blocks-wrap\">\n<div class=\"wp-block-uagb-container uagb-block-f3330786\">\n<figure class=\"wp-block-image size-large\"><img loading=\"lazy\" decoding=\"async\" width=\"1024\" height=\"225\" src=\"https:\/\/adviventures.com\/wp-content\/uploads\/2025\/11\/dg-logo-full-color-1024x225.png\" alt=\"\" class=\"wp-image-2032\" srcset=\"https:\/\/adviventures.com\/wp-content\/uploads\/2025\/11\/dg-logo-full-color-1024x225.png 1024w, https:\/\/adviventures.com\/wp-content\/uploads\/2025\/11\/dg-logo-full-color-300x66.png 300w, https:\/\/adviventures.com\/wp-content\/uploads\/2025\/11\/dg-logo-full-color-768x168.png 768w, https:\/\/adviventures.com\/wp-content\/uploads\/2025\/11\/dg-logo-full-color-1536x337.png 1536w, https:\/\/adviventures.com\/wp-content\/uploads\/2025\/11\/dg-logo-full-color-2048x449.png 2048w\" sizes=\"auto, (max-width: 1024px) 100vw, 1024px\" \/><\/figure>\n<\/div>\n\n\n\n<div class=\"wp-block-uagb-container uagb-block-ccbbae47\">\n<div class=\"wp-block-uagb-info-box uagb-block-fe094c44 uagb-infobox__content-wrap  uagb-infobox-icon-above-title uagb-infobox-image-valign-top\"><div class=\"uagb-ifb-content\"><div class=\"uagb-ifb-title-wrap\"><h3 class=\"uagb-ifb-title\">DIGITAL GREEN<\/h3><\/div><div class=\"uagb-ifb-desc\">\n<p>Expert in web monetization and advertising networks. We offer innovative and adaptable solutions, based on transparency and accountability, to optimize results and satisfy our clients. <\/p>\n\n\n\n<p>Its goal is to revolutionize advertising by providing publishers with high-quality formats that add value for users.<\/p>\n<\/div><div class=\"uagb-ifb-button-wrapper wp-block-button\"><a href=\"https:\/\/digitalgreen.es\/\" class=\"uagb-infobox-cta-link wp-block-button__link\" target=\"_blank\" rel=\"noopener noreferrer\" onclick=\"return true;\"><span class=\"uagb-inline-editing\">Website<\/span><svg xmlns=\"https:\/\/www.w3.org\/2000\/svg\" viewbox=\"0 0 512 512\"><path d=\"M504.3 273.6l-112.1 104c-6.992 6.484-17.18 8.218-25.94 4.406c-8.758-3.812-14.42-12.45-14.42-21.1L351.9 288H32C14.33 288 .0002 273.7 .0002 255.1S14.33 224 32 224h319.9l0-72c0-9.547 5.66-18.19 14.42-22c8.754-3.809 18.95-2.075 25.94 4.41l112.1 104C514.6 247.9 514.6 264.1 504.3 273.6z\"><\/path><\/svg><\/a><\/div><\/div><\/div>\n<\/div>\n<\/div><\/div>\n\n\n\n<div class=\"wp-block-uagb-container uagb-block-d1dbd605 alignfull uagb-is-root-container\"><div class=\"uagb-container-inner-blocks-wrap\">\n<div class=\"wp-block-uagb-container uagb-block-ae41bab0\">\n<figure class=\"wp-block-image size-full\"><img loading=\"lazy\" decoding=\"async\" width=\"225\" height=\"116\" src=\"https:\/\/adviventures.com\/wp-content\/uploads\/2025\/11\/naturafrikaimport.jpg\" alt=\"\" class=\"wp-image-2033\"\/><\/figure>\n<\/div>\n\n\n\n<div class=\"wp-block-uagb-container uagb-block-6ab890bf\">\n<div class=\"wp-block-uagb-info-box uagb-block-cdeef929 uagb-infobox__content-wrap  uagb-infobox-icon-above-title uagb-infobox-image-valign-top\"><div class=\"uagb-ifb-content\"><div class=\"uagb-ifb-title-wrap\"><h3 class=\"uagb-ifb-title\">Natur Afrika Import<\/h3><\/div><p class=\"uagb-ifb-desc\">We care not only about the quality of our products, but also about the sustainability of our business practices. We work closely with local farmers in Africa to promote responsible agricultural practices and improve the living conditions of our partner communities. <br><br>In addition, we strive to minimize our environmental impact at every stage of the supply chain. <\/p><div class=\"uagb-ifb-button-wrapper wp-block-button\"><a href=\"https:\/\/naturafrikaimport.com\/\" class=\"uagb-infobox-cta-link wp-block-button__link\" target=\"_blank\" rel=\"noopener noreferrer\" onclick=\"return true;\"><span class=\"uagb-inline-editing\">Website<\/span><svg xmlns=\"https:\/\/www.w3.org\/2000\/svg\" viewbox=\"0 0 512 512\"><path d=\"M504.3 273.6l-112.1 104c-6.992 6.484-17.18 8.218-25.94 4.406c-8.758-3.812-14.42-12.45-14.42-21.1L351.9 288H32C14.33 288 .0002 273.7 .0002 255.1S14.33 224 32 224h319.9l0-72c0-9.547 5.66-18.19 14.42-22c8.754-3.809 18.95-2.075 25.94 4.41l112.1 104C514.6 247.9 514.6 264.1 504.3 273.6z\"><\/path><\/svg><\/a><\/div><\/div><\/div>\n<\/div>\n<\/div><\/div>\n\n\n\n<div class=\"wp-block-uagb-container uagb-block-29caaff0 alignfull uagb-is-root-container\"><div class=\"uagb-container-inner-blocks-wrap\">\n<div class=\"wp-block-uagb-container uagb-layout-grid uagb-block-c062d03e\">\n<figure class=\"wp-block-image size-full is-resized\"><img loading=\"lazy\" decoding=\"async\" width=\"200\" height=\"200\" src=\"https:\/\/adviventures.com\/wp-content\/uploads\/2025\/11\/agromad_international_logo.jpg\" alt=\"\" class=\"wp-image-2075\" style=\"width:185px;height:auto\" srcset=\"https:\/\/adviventures.com\/wp-content\/uploads\/2025\/11\/agromad_international_logo.jpg 200w, https:\/\/adviventures.com\/wp-content\/uploads\/2025\/11\/agromad_international_logo-150x150.jpg 150w\" sizes=\"auto, (max-width: 200px) 100vw, 200px\" \/><\/figure>\n<\/div>\n\n\n\n<div class=\"wp-block-uagb-container uagb-block-7797fe91\">\n<div class=\"wp-block-uagb-info-box uagb-block-9568d8a5 uagb-infobox__content-wrap  uagb-infobox-icon-above-title uagb-infobox-image-valign-top\"><div class=\"uagb-ifb-content\"><div class=\"uagb-ifb-title-wrap\"><h3 class=\"uagb-ifb-title\">Agromad Internacional<\/h3><\/div><p class=\"uagb-ifb-desc\">We work with local farmers in Africa to plant, harvest, and package local products, promoting responsible agricultural practices and improving the living conditions of our partner communities. <br><br>Nos comprometemos a ofrecer productos libres de contaminantes y de la m\u00e1s alta pureza.<\/p><div class=\"uagb-ifb-button-wrapper wp-block-button\"><a href=\"https:\/\/www.linkedin.com\/company\/agromad-international\/\" class=\"uagb-infobox-cta-link wp-block-button__link\" target=\"_blank\" rel=\"noopener noreferrer\" onclick=\"return true;\"><span class=\"uagb-inline-editing\">Website<\/span><svg xmlns=\"https:\/\/www.w3.org\/2000\/svg\" viewbox=\"0 0 512 512\"><path d=\"M504.3 273.6l-112.1 104c-6.992 6.484-17.18 8.218-25.94 4.406c-8.758-3.812-14.42-12.45-14.42-21.1L351.9 288H32C14.33 288 .0002 273.7 .0002 255.1S14.33 224 32 224h319.9l0-72c0-9.547 5.66-18.19 14.42-22c8.754-3.809 18.95-2.075 25.94 4.41l112.1 104C514.6 247.9 514.6 264.1 504.3 273.6z\"><\/path><\/svg><\/a><\/div><\/div><\/div>\n<\/div>\n<\/div><\/div>\n\n\n\n<div class=\"wp-block-uagb-container uagb-block-9b669775 alignfull uagb-is-root-container\"><div class=\"uagb-container-inner-blocks-wrap\">\n<div class=\"wp-block-uagb-container uagb-block-38566a66\">\n<figure class=\"wp-block-image size-full is-resized\"><img loading=\"lazy\" decoding=\"async\" width=\"804\" height=\"800\" src=\"https:\/\/adviventures.com\/wp-content\/uploads\/2025\/11\/icono-app.png\" alt=\"\" class=\"wp-image-2078\" style=\"width:166px;height:auto\" srcset=\"https:\/\/adviventures.com\/wp-content\/uploads\/2025\/11\/icono-app.png 804w, https:\/\/adviventures.com\/wp-content\/uploads\/2025\/11\/icono-app-300x300.png 300w, https:\/\/adviventures.com\/wp-content\/uploads\/2025\/11\/icono-app-150x150.png 150w, https:\/\/adviventures.com\/wp-content\/uploads\/2025\/11\/icono-app-768x764.png 768w\" sizes=\"auto, (max-width: 804px) 100vw, 804px\" \/><\/figure>\n<\/div>\n\n\n\n<div class=\"wp-block-uagb-container uagb-block-de8e18fb\">\n<div class=\"wp-block-uagb-info-box uagb-block-44926d45 uagb-infobox__content-wrap  uagb-infobox-icon-above-title uagb-infobox-image-valign-top\"><div class=\"uagb-ifb-content\"><div class=\"uagb-ifb-title-wrap\"><h3 class=\"uagb-ifb-title\">Vilfer Studios<\/h3><\/div><p class=\"uagb-ifb-desc\">We specialize in the comprehensive programming and development of gaming applications for mobile devices, covering everything from conceptualization and design to publication and maintenance, with the aim of offering innovative, high-quality products.<br><br>Creamos experiencias interactivas que combinan dise\u00f1o, tecnolog\u00eda y entretenimiento para todo tipo de p\u00fablicos.<\/p><div class=\"uagb-ifb-button-wrapper wp-block-button\"><a href=\"https:\/\/www.vilfer.app\/\" class=\"uagb-infobox-cta-link wp-block-button__link\" target=\"_blank\" rel=\"noopener noreferrer\" onclick=\"return true;\"><span class=\"uagb-inline-editing\">Website<\/span><svg xmlns=\"https:\/\/www.w3.org\/2000\/svg\" viewbox=\"0 0 512 512\"><path d=\"M504.3 273.6l-112.1 104c-6.992 6.484-17.18 8.218-25.94 4.406c-8.758-3.812-14.42-12.45-14.42-21.1L351.9 288H32C14.33 288 .0002 273.7 .0002 255.1S14.33 224 32 224h319.9l0-72c0-9.547 5.66-18.19 14.42-22c8.754-3.809 18.95-2.075 25.94 4.41l112.1 104C514.6 247.9 514.6 264.1 504.3 273.6z\"><\/path><\/svg><\/a><\/div><\/div><\/div>\n<\/div>\n<\/div><\/div>\n\n\n\n<div class=\"wp-block-uagb-container uagb-block-884423db alignfull uagb-is-root-container\"><div class=\"uagb-container-inner-blocks-wrap\">\n<div class=\"wp-block-uagb-image uagb-block-6a21e1de wp-block-uagb-image--layout-default wp-block-uagb-image--effect-static wp-block-uagb-image--align-none\"><figure class=\"wp-block-uagb-image__figure\"><img decoding=\"async\" srcset=\"https:\/\/adviventures.com\/wp-content\/uploads\/2025\/11\/WhatsApp-Image-2025-10-08-at-10.02.39-779x1024.jpeg ,https:\/\/adviventures.com\/wp-content\/uploads\/2025\/11\/WhatsApp-Image-2025-10-08-at-10.02.39-scaled.jpeg 780w, https:\/\/adviventures.com\/wp-content\/uploads\/2025\/11\/WhatsApp-Image-2025-10-08-at-10.02.39-scaled.jpeg 360w\" sizes=\"auto, (max-width: 480px) 150px\" src=\"https:\/\/adviventures.com\/wp-content\/uploads\/2025\/11\/WhatsApp-Image-2025-10-08-at-10.02.39-779x1024.jpeg\" alt=\"\" class=\"uag-image-1917\" width=\"600\" height=\"808\" title=\"WhatsApp Image 2025-10-08 at 10.02.39\" loading=\"lazy\" role=\"img\"\/><\/figure><\/div>\n\n\n\n<div class=\"wp-block-uagb-container uagb-block-25cab8fb\">\n<div class=\"wp-block-uagb-info-box uagb-block-0c4004a4 uagb-infobox__content-wrap  uagb-infobox-icon-above-title uagb-infobox-image-valign-top\"><div class=\"uagb-ifb-content\"><div class=\"uagb-ifb-title-wrap\"><div class=\"uagb-ifb-separator\"><\/div><h2 class=\"uagb-ifb-title\">Adri\u00e1n Villellas<\/h2><\/div><p class=\"uagb-ifb-desc\"><strong>Businessman and digital entrepreneur at the age of 24, with more than 6 companies created, acting as CEO of the group.<\/strong><br><br>I believe in the power of strategy and collaboration as drivers of progress.<\/p><div class=\"uagb-ifb-button-wrapper wp-block-button\"><a href=\"\/en\/about\/\" class=\"uagb-infobox-cta-link ast-outline-button\" target=\"_self\" rel=\"noopener noreferrer\" style=\"border-width:revert-layer\" onclick=\"return true;\"><span class=\"uagb-inline-editing\">Learn more<\/span><svg xmlns=\"https:\/\/www.w3.org\/2000\/svg\" viewbox=\"0 0 512 512\"><path d=\"M504.3 273.6l-112.1 104c-6.992 6.484-17.18 8.218-25.94 4.406c-8.758-3.812-14.42-12.45-14.42-21.1L351.9 288H32C14.33 288 .0002 273.7 .0002 255.1S14.33 224 32 224h319.9l0-72c0-9.547 5.66-18.19 14.42-22c8.754-3.809 18.95-2.075 25.94 4.41l112.1 104C514.6 247.9 514.6 264.1 504.3 273.6z\"><\/path><\/svg><\/a><\/div><\/div><\/div>\n\n\n\n<div class=\"wp-block-uagb-container uagb-block-33710d8d\">\n<div class=\"wp-block-uagb-container uagb-layout-grid uagb-block-1ce0d5a8\">\n<div class=\"wp-block-uagb-counter uagb-block-b8b7856b wp-block-uagb-counter--number\"><div class=\"wp-block-uagb-counter__number\"><span class=\"uagb-counter-block-number\" data-duration=\"0.5\" data-to-value=\"16\" data-from-value=\"0\" data-delimiter=\",\"><\/span><\/div><div class=\"wp-block-uagb-counter__title\">Add Your Title Here\u2026<\/div><\/div>\n\n\n\n<div class=\"wp-block-uagb-counter uagb-block-9b947065 wp-block-uagb-counter--number\"><div class=\"wp-block-uagb-counter__number\"><span class=\"uagb-counter-block-number\" data-duration=\"0.5\" data-to-value=\"4\" data-from-value=\"0\" data-delimiter=\",\"><\/span><\/div><div class=\"wp-block-uagb-counter__title\">Add Your Title Here\u2026<\/div><\/div>\n\n\n\n<div class=\"wp-block-uagb-advanced-heading uagb-block-4db8b455\"><p class=\"uagb-heading-text\">Years of experience<\/p><\/div>\n\n\n\n<div class=\"wp-block-uagb-advanced-heading uagb-block-434ffb59\"><p class=\"uagb-heading-text\">Awards &amp; Honors<\/p><\/div>\n<\/div>\n<\/div>\n<\/div>\n<\/div><\/div>\n\n\n\n<div style=\"height:100px\" aria-hidden=\"true\" class=\"wp-block-spacer\"><\/div>\n\n\n\n<div class=\"wp-block-uagb-container uagb-block-a9481363 alignwide uagb-is-root-container\">\n<div class=\"wp-block-uagb-container uagb-block-42c02782\">\n<div class=\"wp-block-uagb-info-box uagb-block-899a8b5c uagb-infobox__content-wrap  uagb-infobox-icon-above-title uagb-infobox-image-valign-top wp-block-uagb-info-box--has-margin\"><div class=\"uagb-infobox-margin-wrapper\"><div class=\"uagb-ifb-content\"><div class=\"uagb-ifb-title-wrap\"><h1 class=\"uagb-ifb-title\">Contact<\/h1><\/div><p class=\"uagb-ifb-desc\">Tell us more about your company or idea and we will help you find the best strategy for growth.<\/p><\/div><\/div><\/div>\n\n\n\n<div class=\"wp-block-uagb-forms uagb-forms__outer-wrap uagb-block-a35bf9ce uagb-forms__medium-btn\"><form class=\"uagb-forms-main-form\" method=\"post\" autocomplete=\"on\" name=\"uagb-form-a35bf9ce\" action=\"\">\n<div class=\"wp-block-uagb-forms-name uagb-forms-name-wrap uagb-forms-field-set uagb-block-978ab4d5\"><div class=\"uagb-forms-name-label required uagb-forms-input-label\" id=\"978ab4d5\">Name<\/div><input type=\"text\" placeholder=\"Name\" required class=\"uagb-forms-name-input uagb-forms-input\" name=\"978ab4d5\" autocomplete=\"given-name\"\/><\/div>\n\n\n\n<div class=\"wp-block-uagb-forms-name uagb-forms-name-wrap uagb-forms-field-set uagb-block-8ba1a154\"><div class=\"uagb-forms-name-label  uagb-forms-input-label\" id=\"8ba1a154\">Company<\/div><input type=\"text\" placeholder=\"Company\" class=\"uagb-forms-name-input uagb-forms-input\" name=\"8ba1a154\" autocomplete=\"family-name\"\/><\/div>\n\n\n\n<div class=\"wp-block-uagb-forms-email uagb-forms-email-wrap uagb-forms-field-set uagb-block-98d5e8a1\"><div class=\"uagb-forms-email-label required uagb-forms-input-label\" id=\"98d5e8a1\">Email<\/div><input type=\"email\" class=\"uagb-forms-email-input uagb-forms-input\" placeholder=\"example@mail.com\" required name=\"98d5e8a1\" autocomplete=\"email\"\/><\/div>\n\n\n\n<div class=\"wp-block-uagb-forms-textarea uagb-forms-textarea-wrap uagb-forms-field-set uagb-block-9a63e999\"><div class=\"uagb-forms-textarea-label required uagb-forms-input-label\" id=\"9a63e999\">Message<\/div><textarea required class=\"uagb-forms-textarea-input uagb-forms-input\" rows=\"4\" placeholder=\"Escribe el mensaje\" name=\"9a63e999\" autocomplete=\"off\"><\/textarea><\/div>\n<div class=\"uagb-forms-form-hidden-data\"><input type=\"hidden\" class=\"uagb_forms_form_label\" value=\"Spectra Form\"\/><input type=\"hidden\" class=\"uagb_forms_form_id\" value=\"uagb-form-a35bf9ce\"\/><\/div><div class=\"uagb-form-reacaptcha-error-a35bf9ce\"><\/div><div class=\"uagb-forms-main-submit-button-wrap wp-block-button\"><button class=\"uagb-forms-main-submit-button wp-block-button__link\"><div class=\"uagb-forms-main-submit-button-text\">Send<\/div><\/button><\/div><input type=\"hidden\" name=\"trp-form-language\" value=\"en\"\/><\/form><div class=\"uagb-forms-success-message-a35bf9ce uagb-forms-submit-message-hide\"><span>Mensaje enviado<\/span><\/div><div class=\"uagb-forms-failed-message-a35bf9ce uagb-forms-submit-message-hide\"><span>Error en el formulario. No enviado.<\/span><\/div><\/div>\n<\/div>\n\n\n\t\t\t<div \n\t\t\tclass=\"wp-block-uagb-google-map uagb-google-map__wrap uagb-block-74b0862c\"\n\t\t\tstyle=\"\" >\n\t\t\t\t<embed\n\t\t\t\t\tclass=\"uagb-google-map__iframe\"\n\t\t\t\t\ttitle=\"Google Map for \"\n\t\t\t\t\tsrc=\"https:\/\/maps.google.com\/maps?q=Calle%20Santo%20Cristo%20de%20los%20Milagros%2C%204%2C%2022004%20Huesca%2C%20SPAIN&#038;z=14&#038;hl=en&#038;t=m&#038;output=embed&#038;iwloc=near\"\n\t\t\t\t\twidth=\"640\"\n\t\t\t\t\theight=\"400\"\n\t\t\t\t\tloading=\"lazy\"\n\t\t\t\t><\/embed>\n\t\t\t<\/div>\n\t\t\t<\/div>\n\n\n\n<div style=\"height:100px\" aria-hidden=\"true\" class=\"wp-block-spacer\"><\/div>","protected":false},"excerpt":{"rendered":"<p>Our companies<\/p>","protected":false},"author":1,"featured_media":0,"parent":0,"menu_order":0,"comment_status":"closed","ping_status":"closed","template":"","meta":{"om_disable_all_campaigns":false,"_uag_custom_page_level_css":"","site-sidebar-layout":"no-sidebar","site-content-layout":"plain-container","ast-site-content-layout":"normal-width-container","site-content-style":"unboxed","site-sidebar-style":"unboxed","ast-global-header-display":"","ast-banner-title-visibility":"","ast-main-header-display":"","ast-hfb-above-header-display":"","ast-hfb-below-header-display":"","ast-hfb-mobile-header-display":"","site-post-title":"disabled","ast-breadcrumbs-content":"","ast-featured-img":"disabled","footer-sml-layout":"","ast-disable-related-posts":"","theme-transparent-header-meta":"enabled","adv-header-id-meta":"","stick-header-meta":"","header-above-stick-meta":"","header-main-stick-meta":"","header-below-stick-meta":"","astra-migrate-meta-layouts":"set","ast-page-background-enabled":"default","ast-page-background-meta":{"desktop":{"background-color":"","background-image":"","background-repeat":"repeat","background-position":"center center","background-size":"auto","background-attachment":"scroll","background-type":"","background-media":"","overlay-type":"","overlay-color":"","overlay-opacity":"","overlay-gradient":""},"tablet":{"background-color":"","background-image":"","background-repeat":"repeat","background-position":"center center","background-size":"auto","background-attachment":"scroll","background-type":"","background-media":"","overlay-type":"","overlay-color":"","overlay-opacity":"","overlay-gradient":""},"mobile":{"background-color":"","background-image":"","background-repeat":"repeat","background-position":"center center","background-size":"auto","background-attachment":"scroll","background-type":"","background-media":"","overlay-type":"","overlay-color":"","overlay-opacity":"","overlay-gradient":""}},"ast-content-background-meta":{"desktop":{"background-color":"var(--ast-global-color-5)","background-image":"","background-repeat":"repeat","background-position":"center center","background-size":"auto","background-attachment":"scroll","background-type":"","background-media":"","overlay-type":"","overlay-color":"","overlay-opacity":"","overlay-gradient":""},"tablet":{"background-color":"var(--ast-global-color-5)","background-image":"","background-repeat":"repeat","background-position":"center center","background-size":"auto","background-attachment":"scroll","background-type":"","background-media":"","overlay-type":"","overlay-color":"","overlay-opacity":"","overlay-gradient":""},"mobile":{"background-color":"var(--ast-global-color-5)","background-image":"","background-repeat":"repeat","background-position":"center center","background-size":"auto","background-attachment":"scroll","background-type":"","background-media":"","overlay-type":"","overlay-color":"","overlay-opacity":"","overlay-gradient":""}},"footnotes":""},"class_list":["post-1865","page","type-page","status-publish","hentry"],"aioseo_notices":[],"_hostinger_reach_plugin_has_subscription_block":false,"_hostinger_reach_plugin_is_elementor":false,"uagb_featured_image_src":{"full":false,"thumbnail":false,"medium":false,"medium_large":false,"large":false,"1536x1536":false,"2048x2048":false,"trp-custom-language-flag":false},"uagb_author_info":{"display_name":"info@villellas.com","author_link":"https:\/\/adviventures.com\/en\/author\/infovillellas-com\/"},"uagb_comment_info":0,"uagb_excerpt":"Nuestras empresas","_links":{"self":[{"href":"https:\/\/adviventures.com\/en\/wp-json\/wp\/v2\/pages\/1865","targetHints":{"allow":["GET"]}}],"collection":[{"href":"https:\/\/adviventures.com\/en\/wp-json\/wp\/v2\/pages"}],"about":[{"href":"https:\/\/adviventures.com\/en\/wp-json\/wp\/v2\/types\/page"}],"author":[{"embeddable":true,"href":"https:\/\/adviventures.com\/en\/wp-json\/wp\/v2\/users\/1"}],"replies":[{"embeddable":true,"href":"https:\/\/adviventures.com\/en\/wp-json\/wp\/v2\/comments?post=1865"}],"version-history":[{"count":48,"href":"https:\/\/adviventures.com\/en\/wp-json\/wp\/v2\/pages\/1865\/revisions"}],"predecessor-version":[{"id":2152,"href":"https:\/\/adviventures.com\/en\/wp-json\/wp\/v2\/pages\/1865\/revisions\/2152"}],"wp:attachment":[{"href":"https:\/\/adviventures.com\/en\/wp-json\/wp\/v2\/media?parent=1865"}],"curies":[{"name":"wp","href":"https:\/\/api.w.org\/{rel}","templated":true}]}}