{"id":13,"date":"2025-11-05T14:32:28","date_gmt":"2025-11-05T14:32:28","guid":{"rendered":"https:\/\/adviventures.com\/all-courses\/"},"modified":"2025-11-12T10:11:36","modified_gmt":"2025-11-12T10:11:36","slug":"proyectos","status":"publish","type":"page","link":"https:\/\/adviventures.com\/en\/proyectos\/","title":{"rendered":"Projects"},"content":{"rendered":"<div class=\"wp-block-uagb-container uagb-block-8f19cd48 alignfull uagb-is-root-container\"><div class=\"uagb-container-inner-blocks-wrap\">\n<div class=\"wp-block-uagb-advanced-heading uagb-block-d05703c3\"><h1 class=\"uagb-heading-text\">Projects<\/h1><p class=\"uagb-desc-text\">Our portfolio includes digital projects and international companies that reflect our commitment to innovation and sustainable growth.<\/p><\/div>\n<\/div><\/div>\n\n\n\n<div class=\"wp-block-uagb-container uagb-block-7c1b8d64 alignfull uagb-is-root-container\"><div class=\"uagb-container-inner-blocks-wrap\">\n<div class=\"wp-block-uagb-info-box uagb-block-998c1d97 uagb-infobox__content-wrap  uagb-infobox-icon-above-title uagb-infobox-image-valign-top\"><div class=\"uagb-ifb-content\"><div class=\"uagb-ifb-title-wrap\"><div class=\"uagb-ifb-separator\"><\/div><h2 class=\"uagb-ifb-title\">Projects<\/h2><\/div><p class=\"uagb-ifb-desc\"><strong>We create value through strategy and investment.<\/strong><br><br>Our portfolio includes digital projects and international companies that reflect our commitment to innovation and sustainable growth.<br><br><\/p><\/div><\/div>\n\n\n\n<div class=\"wp-block-uagb-container uagb-block-e8c554e9\">\n<div class=\"wp-block-uagb-container uagb-layout-grid uagb-block-c734db78\">\n<div class=\"wp-block-uagb-advanced-heading uagb-block-5a75ad54\"><h4 class=\"uagb-heading-text\">2025<\/h4><\/div>\n\n\n\n<div class=\"wp-block-uagb-advanced-heading uagb-block-d89ae4d7\"><h4 class=\"uagb-heading-text\">Vilfer Studios<\/h4><p class=\"uagb-desc-text\">Programming, design, and software development, including apps and games.<\/p><\/div>\n<\/div>\n\n\n\n<div class=\"wp-block-uagb-container uagb-layout-grid uagb-block-0bc8f369\">\n<div class=\"wp-block-uagb-advanced-heading uagb-block-1cdd8ae9\"><h4 class=\"uagb-heading-text\">2025<\/h4><\/div>\n\n\n\n<div class=\"wp-block-uagb-advanced-heading uagb-block-2fa45249\"><h4 class=\"uagb-heading-text\">Agromad Internacional<\/h4><p class=\"uagb-desc-text\">Manufacture of organic food and beverages in Africa, specializing in yams.<\/p><\/div>\n<\/div>\n\n\n\n<div class=\"wp-block-uagb-container uagb-layout-grid uagb-block-96944ac7\">\n<div class=\"wp-block-uagb-advanced-heading uagb-block-ff5c36d4\"><h4 class=\"uagb-heading-text\">2022<\/h4><\/div>\n\n\n\n<div class=\"wp-block-uagb-advanced-heading uagb-block-173836e1\"><h4 class=\"uagb-heading-text\">Natur Afrika Import<\/h4><p class=\"uagb-desc-text\">Natural and handmade products from Africa.<\/p><\/div>\n<\/div>\n\n\n\n<div class=\"wp-block-uagb-container uagb-layout-grid uagb-block-eb8299a6\">\n<div class=\"wp-block-uagb-advanced-heading uagb-block-a08830c7\"><h4 class=\"uagb-heading-text\">2017<\/h4><\/div>\n\n\n\n<div class=\"wp-block-uagb-advanced-heading uagb-block-75dc0f52\"><h4 class=\"uagb-heading-text\">DIGITAL GREEN<\/h4><p class=\"uagb-desc-text\">Creators of high-impact formats that maximize advertising revenue. Google Certified Publishing Partner.<\/p><\/div>\n<\/div>\n<\/div>\n<\/div><\/div>\n\n\n\n<div class=\"wp-block-uagb-container uagb-block-b5ad44ad alignfull uagb-is-root-container\"><div class=\"uagb-container-inner-blocks-wrap\">\n<div class=\"wp-block-uagb-container uagb-block-f3330786\">\n<figure class=\"wp-block-image size-large\"><img loading=\"lazy\" decoding=\"async\" width=\"1024\" height=\"225\" src=\"https:\/\/adviventures.com\/wp-content\/uploads\/2025\/11\/dg-logo-full-color-1024x225.png\" alt=\"\" class=\"wp-image-2032\" srcset=\"https:\/\/adviventures.com\/wp-content\/uploads\/2025\/11\/dg-logo-full-color-1024x225.png 1024w, https:\/\/adviventures.com\/wp-content\/uploads\/2025\/11\/dg-logo-full-color-300x66.png 300w, https:\/\/adviventures.com\/wp-content\/uploads\/2025\/11\/dg-logo-full-color-768x168.png 768w, https:\/\/adviventures.com\/wp-content\/uploads\/2025\/11\/dg-logo-full-color-1536x337.png 1536w, https:\/\/adviventures.com\/wp-content\/uploads\/2025\/11\/dg-logo-full-color-2048x449.png 2048w\" sizes=\"auto, (max-width: 1024px) 100vw, 1024px\" \/><\/figure>\n<\/div>\n\n\n\n<div class=\"wp-block-uagb-container uagb-block-ccbbae47\">\n<div class=\"wp-block-uagb-info-box uagb-block-fe094c44 uagb-infobox__content-wrap  uagb-infobox-icon-above-title uagb-infobox-image-valign-top\"><div class=\"uagb-ifb-content\"><div class=\"uagb-ifb-title-wrap\"><h3 class=\"uagb-ifb-title\">DIGITAL GREEN<\/h3><\/div><div class=\"uagb-ifb-desc\">\n<p>Expert in web monetization and advertising networks. We offer innovative and adaptable solutions, based on transparency and accountability, to optimize results and satisfy our clients. <\/p>\n\n\n\n<p>Its goal is to revolutionize advertising by providing publishers with high-quality formats that add value for users.<\/p>\n<\/div><div class=\"uagb-ifb-button-wrapper wp-block-button\"><a href=\"https:\/\/digitalgreen.es\/\" class=\"uagb-infobox-cta-link wp-block-button__link\" target=\"_blank\" rel=\"noopener noreferrer\" onclick=\"return true;\"><span class=\"uagb-inline-editing\">Website<\/span><svg xmlns=\"https:\/\/www.w3.org\/2000\/svg\" viewbox=\"0 0 512 512\"><path d=\"M504.3 273.6l-112.1 104c-6.992 6.484-17.18 8.218-25.94 4.406c-8.758-3.812-14.42-12.45-14.42-21.1L351.9 288H32C14.33 288 .0002 273.7 .0002 255.1S14.33 224 32 224h319.9l0-72c0-9.547 5.66-18.19 14.42-22c8.754-3.809 18.95-2.075 25.94 4.41l112.1 104C514.6 247.9 514.6 264.1 504.3 273.6z\"><\/path><\/svg><\/a><\/div><\/div><\/div>\n<\/div>\n<\/div><\/div>\n\n\n\n<div class=\"wp-block-uagb-container uagb-block-d1dbd605 alignfull uagb-is-root-container\"><div class=\"uagb-container-inner-blocks-wrap\">\n<div class=\"wp-block-uagb-container uagb-block-ae41bab0\">\n<figure class=\"wp-block-image size-full\"><img loading=\"lazy\" decoding=\"async\" width=\"225\" height=\"116\" src=\"https:\/\/adviventures.com\/wp-content\/uploads\/2025\/11\/naturafrikaimport.jpg\" alt=\"\" class=\"wp-image-2033\"\/><\/figure>\n<\/div>\n\n\n\n<div class=\"wp-block-uagb-container uagb-block-6ab890bf\">\n<div class=\"wp-block-uagb-info-box uagb-block-cdeef929 uagb-infobox__content-wrap  uagb-infobox-icon-above-title uagb-infobox-image-valign-top\"><div class=\"uagb-ifb-content\"><div class=\"uagb-ifb-title-wrap\"><h3 class=\"uagb-ifb-title\">Natur Afrika Import<\/h3><\/div><p class=\"uagb-ifb-desc\">We care not only about the quality of our products, but also about the sustainability of our business practices. We work closely with local farmers in Africa to promote responsible agricultural practices and improve the living conditions of our partner communities. <br><br>In addition, we strive to minimize our environmental impact at every stage of the supply chain. <\/p><div class=\"uagb-ifb-button-wrapper wp-block-button\"><a href=\"https:\/\/naturafrikaimport.com\/\" class=\"uagb-infobox-cta-link wp-block-button__link\" target=\"_blank\" rel=\"noopener noreferrer\" onclick=\"return true;\"><span class=\"uagb-inline-editing\">Website<\/span><svg xmlns=\"https:\/\/www.w3.org\/2000\/svg\" viewbox=\"0 0 512 512\"><path d=\"M504.3 273.6l-112.1 104c-6.992 6.484-17.18 8.218-25.94 4.406c-8.758-3.812-14.42-12.45-14.42-21.1L351.9 288H32C14.33 288 .0002 273.7 .0002 255.1S14.33 224 32 224h319.9l0-72c0-9.547 5.66-18.19 14.42-22c8.754-3.809 18.95-2.075 25.94 4.41l112.1 104C514.6 247.9 514.6 264.1 504.3 273.6z\"><\/path><\/svg><\/a><\/div><\/div><\/div>\n<\/div>\n<\/div><\/div>\n\n\n\n<div class=\"wp-block-uagb-container uagb-block-29caaff0 alignfull uagb-is-root-container\"><div class=\"uagb-container-inner-blocks-wrap\">\n<div class=\"wp-block-uagb-container uagb-layout-grid uagb-block-c062d03e\">\n<figure class=\"wp-block-image size-full is-resized\"><img loading=\"lazy\" decoding=\"async\" width=\"200\" height=\"200\" src=\"https:\/\/adviventures.com\/wp-content\/uploads\/2025\/11\/agromad_international_logo.jpg\" alt=\"\" class=\"wp-image-2075\" style=\"width:185px;height:auto\" srcset=\"https:\/\/adviventures.com\/wp-content\/uploads\/2025\/11\/agromad_international_logo.jpg 200w, https:\/\/adviventures.com\/wp-content\/uploads\/2025\/11\/agromad_international_logo-150x150.jpg 150w\" sizes=\"auto, (max-width: 200px) 100vw, 200px\" \/><\/figure>\n<\/div>\n\n\n\n<div class=\"wp-block-uagb-container uagb-block-7797fe91\">\n<div class=\"wp-block-uagb-info-box uagb-block-9568d8a5 uagb-infobox__content-wrap  uagb-infobox-icon-above-title uagb-infobox-image-valign-top\"><div class=\"uagb-ifb-content\"><div class=\"uagb-ifb-title-wrap\"><h3 class=\"uagb-ifb-title\">Agromad Internacional<\/h3><\/div><p class=\"uagb-ifb-desc\">We work with local farmers in Africa to plant, harvest, and package local products, promoting responsible agricultural practices and improving the living conditions of our partner communities. <br><br>Nos comprometemos a ofrecer productos libres de contaminantes y de la m\u00e1s alta pureza.<\/p><div class=\"uagb-ifb-button-wrapper wp-block-button\"><a href=\"https:\/\/www.linkedin.com\/company\/agromad-international\/\" class=\"uagb-infobox-cta-link wp-block-button__link\" target=\"_blank\" rel=\"noopener noreferrer\" onclick=\"return true;\"><span class=\"uagb-inline-editing\">Website<\/span><svg xmlns=\"https:\/\/www.w3.org\/2000\/svg\" viewbox=\"0 0 512 512\"><path d=\"M504.3 273.6l-112.1 104c-6.992 6.484-17.18 8.218-25.94 4.406c-8.758-3.812-14.42-12.45-14.42-21.1L351.9 288H32C14.33 288 .0002 273.7 .0002 255.1S14.33 224 32 224h319.9l0-72c0-9.547 5.66-18.19 14.42-22c8.754-3.809 18.95-2.075 25.94 4.41l112.1 104C514.6 247.9 514.6 264.1 504.3 273.6z\"><\/path><\/svg><\/a><\/div><\/div><\/div>\n<\/div>\n<\/div><\/div>\n\n\n\n<div class=\"wp-block-uagb-container uagb-block-9b669775 alignfull uagb-is-root-container\"><div class=\"uagb-container-inner-blocks-wrap\">\n<div class=\"wp-block-uagb-container uagb-block-38566a66\">\n<figure class=\"wp-block-image size-full is-resized\"><img loading=\"lazy\" decoding=\"async\" width=\"804\" height=\"800\" src=\"https:\/\/adviventures.com\/wp-content\/uploads\/2025\/11\/icono-app.png\" alt=\"\" class=\"wp-image-2078\" style=\"width:166px;height:auto\" srcset=\"https:\/\/adviventures.com\/wp-content\/uploads\/2025\/11\/icono-app.png 804w, https:\/\/adviventures.com\/wp-content\/uploads\/2025\/11\/icono-app-300x300.png 300w, https:\/\/adviventures.com\/wp-content\/uploads\/2025\/11\/icono-app-150x150.png 150w, https:\/\/adviventures.com\/wp-content\/uploads\/2025\/11\/icono-app-768x764.png 768w\" sizes=\"auto, (max-width: 804px) 100vw, 804px\" \/><\/figure>\n<\/div>\n\n\n\n<div class=\"wp-block-uagb-container uagb-block-de8e18fb\">\n<div class=\"wp-block-uagb-info-box uagb-block-44926d45 uagb-infobox__content-wrap  uagb-infobox-icon-above-title uagb-infobox-image-valign-top\"><div class=\"uagb-ifb-content\"><div class=\"uagb-ifb-title-wrap\"><h3 class=\"uagb-ifb-title\">Vilfer Studios<\/h3><\/div><p class=\"uagb-ifb-desc\">We specialize in the comprehensive programming and development of gaming applications for mobile devices, covering everything from conceptualization and design to publication and maintenance, with the aim of offering innovative, high-quality products.<br><br>Creamos experiencias interactivas que combinan dise\u00f1o, tecnolog\u00eda y entretenimiento para todo tipo de p\u00fablicos.<\/p><div class=\"uagb-ifb-button-wrapper wp-block-button\"><a href=\"https:\/\/www.vilfer.app\/\" class=\"uagb-infobox-cta-link wp-block-button__link\" target=\"_blank\" rel=\"noopener noreferrer\" onclick=\"return true;\"><span class=\"uagb-inline-editing\">Website<\/span><svg xmlns=\"https:\/\/www.w3.org\/2000\/svg\" viewbox=\"0 0 512 512\"><path d=\"M504.3 273.6l-112.1 104c-6.992 6.484-17.18 8.218-25.94 4.406c-8.758-3.812-14.42-12.45-14.42-21.1L351.9 288H32C14.33 288 .0002 273.7 .0002 255.1S14.33 224 32 224h319.9l0-72c0-9.547 5.66-18.19 14.42-22c8.754-3.809 18.95-2.075 25.94 4.41l112.1 104C514.6 247.9 514.6 264.1 504.3 273.6z\"><\/path><\/svg><\/a><\/div><\/div><\/div>\n<\/div>\n<\/div><\/div>\n\n\n\n<div style=\"height:100px\" aria-hidden=\"true\" class=\"wp-block-spacer\"><\/div>\n\n\n\n<p><\/p>","protected":false},"excerpt":{"rendered":"<p>Proyectos Nuestra cartera incluye proyectos digitales y compa\u00f1\u00edas internacionales que reflejan nuestro compromiso con la innovaci\u00f3n y el crecimiento sostenible. 2025 Vilfer Studios Programaci\u00f3n, dise\u00f1o y desarrollo de software, incluyendo app y juegos. 2025 Agromad Internacional Fabricaci\u00f3n de alimentos y bebidas ecol\u00f3gicos en \u00c1frica, especializada en \u00f1ame. 2022 Natur Afrika Import Productos naturales y artesanales [&hellip;]<\/p>","protected":false},"author":1,"featured_media":0,"parent":0,"menu_order":0,"comment_status":"closed","ping_status":"closed","template":"","meta":{"om_disable_all_campaigns":false,"_uag_custom_page_level_css":"","site-sidebar-layout":"no-sidebar","site-content-layout":"plain-container","ast-site-content-layout":"normal-width-container","site-content-style":"unboxed","site-sidebar-style":"unboxed","ast-global-header-display":"","ast-banner-title-visibility":"","ast-main-header-display":"","ast-hfb-above-header-display":"","ast-hfb-below-header-display":"","ast-hfb-mobile-header-display":"","site-post-title":"disabled","ast-breadcrumbs-content":"","ast-featured-img":"disabled","footer-sml-layout":"","ast-disable-related-posts":"","theme-transparent-header-meta":"enabled","adv-header-id-meta":"","stick-header-meta":"","header-above-stick-meta":"","header-main-stick-meta":"","header-below-stick-meta":"","astra-migrate-meta-layouts":"set","ast-page-background-enabled":"default","ast-page-background-meta":{"desktop":{"background-color":"","background-image":"","background-repeat":"repeat","background-position":"center center","background-size":"auto","background-attachment":"scroll","background-type":"","background-media":"","overlay-type":"","overlay-color":"","overlay-opacity":"","overlay-gradient":""},"tablet":{"background-color":"","background-image":"","background-repeat":"repeat","background-position":"center center","background-size":"auto","background-attachment":"scroll","background-type":"","background-media":"","overlay-type":"","overlay-color":"","overlay-opacity":"","overlay-gradient":""},"mobile":{"background-color":"","background-image":"","background-repeat":"repeat","background-position":"center center","background-size":"auto","background-attachment":"scroll","background-type":"","background-media":"","overlay-type":"","overlay-color":"","overlay-opacity":"","overlay-gradient":""}},"ast-content-background-meta":{"desktop":{"background-color":"var(--ast-global-color-5)","background-image":"","background-repeat":"repeat","background-position":"center center","background-size":"auto","background-attachment":"scroll","background-type":"","background-media":"","overlay-type":"","overlay-color":"","overlay-opacity":"","overlay-gradient":""},"tablet":{"background-color":"var(--ast-global-color-5)","background-image":"","background-repeat":"repeat","background-position":"center center","background-size":"auto","background-attachment":"scroll","background-type":"","background-media":"","overlay-type":"","overlay-color":"","overlay-opacity":"","overlay-gradient":""},"mobile":{"background-color":"var(--ast-global-color-5)","background-image":"","background-repeat":"repeat","background-position":"center center","background-size":"auto","background-attachment":"scroll","background-type":"","background-media":"","overlay-type":"","overlay-color":"","overlay-opacity":"","overlay-gradient":""}},"footnotes":""},"class_list":["post-13","page","type-page","status-publish","hentry"],"aioseo_notices":[],"_hostinger_reach_plugin_has_subscription_block":false,"_hostinger_reach_plugin_is_elementor":false,"uagb_featured_image_src":{"full":false,"thumbnail":false,"medium":false,"medium_large":false,"large":false,"1536x1536":false,"2048x2048":false,"trp-custom-language-flag":false},"uagb_author_info":{"display_name":"info@villellas.com","author_link":"https:\/\/adviventures.com\/en\/author\/infovillellas-com\/"},"uagb_comment_info":0,"uagb_excerpt":"Proyectos Nuestra cartera incluye proyectos digitales y compa\u00f1\u00edas internacionales que reflejan nuestro compromiso con la innovaci\u00f3n y el crecimiento sostenible. 2025 Vilfer Studios Programaci\u00f3n, dise\u00f1o y desarrollo de software, incluyendo app y juegos. 2025 Agromad Internacional Fabricaci\u00f3n de alimentos y bebidas ecol\u00f3gicos en \u00c1frica, especializada en \u00f1ame. 2022 Natur Afrika Import Productos naturales y artesanales&hellip;","_links":{"self":[{"href":"https:\/\/adviventures.com\/en\/wp-json\/wp\/v2\/pages\/13","targetHints":{"allow":["GET"]}}],"collection":[{"href":"https:\/\/adviventures.com\/en\/wp-json\/wp\/v2\/pages"}],"about":[{"href":"https:\/\/adviventures.com\/en\/wp-json\/wp\/v2\/types\/page"}],"author":[{"embeddable":true,"href":"https:\/\/adviventures.com\/en\/wp-json\/wp\/v2\/users\/1"}],"replies":[{"embeddable":true,"href":"https:\/\/adviventures.com\/en\/wp-json\/wp\/v2\/comments?post=13"}],"version-history":[{"count":19,"href":"https:\/\/adviventures.com\/en\/wp-json\/wp\/v2\/pages\/13\/revisions"}],"predecessor-version":[{"id":2118,"href":"https:\/\/adviventures.com\/en\/wp-json\/wp\/v2\/pages\/13\/revisions\/2118"}],"wp:attachment":[{"href":"https:\/\/adviventures.com\/en\/wp-json\/wp\/v2\/media?parent=13"}],"curies":[{"name":"wp","href":"https:\/\/api.w.org\/{rel}","templated":true}]}}