{"id":11,"date":"2025-11-05T14:32:28","date_gmt":"2025-11-05T14:32:28","guid":{"rendered":"https:\/\/adviventures.com\/about\/"},"modified":"2025-11-12T10:04:30","modified_gmt":"2025-11-12T10:04:30","slug":"empresa","status":"publish","type":"page","link":"https:\/\/adviventures.com\/en\/empresa\/","title":{"rendered":"Company"},"content":{"rendered":"<div class=\"wp-block-uagb-container uagb-block-8f19cd48 alignfull uagb-is-root-container\"><div class=\"uagb-container-inner-blocks-wrap\">\n<div class=\"wp-block-uagb-advanced-heading uagb-block-d05703c3\"><h1 class=\"uagb-heading-text\">About us<\/h1><p class=\"uagb-desc-text\">We are a group specializing in generating sustainable growth through investment and business strategy.<\/p><\/div>\n<\/div><\/div>\n\n\n\n<div class=\"wp-block-uagb-info-box uagb-block-998c1d97 uagb-infobox__content-wrap  uagb-infobox-icon-above-title uagb-infobox-image-valign-top\"><div class=\"uagb-ifb-content\"><div class=\"uagb-ifb-title-wrap\"><div class=\"uagb-ifb-separator\"><\/div><h2 class=\"uagb-ifb-title\">We promote brands and projects with a global vision<\/h2><\/div><div class=\"uagb-ifb-desc\">\n<p>Our team combines expertise in digital marketing, market analysis, and international investment. This combination allows us to identify real opportunities, create value, and support companies in their global expansion.<br><\/p>\n<\/div><\/div><\/div>\n\n\n\n<div class=\"wp-block-uagb-image uagb-block-9342ddce wp-block-uagb-image--layout-default wp-block-uagb-image--effect-static wp-block-uagb-image--align-none\"><figure class=\"wp-block-uagb-image__figure\"><img decoding=\"async\" srcset=\"https:\/\/adviventures.com\/wp-content\/uploads\/2025\/11\/digital-marketing-coach-template-video-img-1024x299-1.jpg ,https:\/\/adviventures.com\/wp-content\/uploads\/2025\/11\/digital-marketing-coach-template-video-img-1024x299-1.jpg 780w, https:\/\/adviventures.com\/wp-content\/uploads\/2025\/11\/digital-marketing-coach-template-video-img-1024x299-1.jpg 360w\" sizes=\"auto, (max-width: 480px) 150px\" src=\"https:\/\/adviventures.com\/wp-content\/uploads\/2025\/11\/digital-marketing-coach-template-video-img-1024x299-1.jpg\" alt=\"\" class=\"uag-image-1892\" width=\"1024\" height=\"299\" title=\"digital-marketing-coach-template-video-img-1024x299.jpg\" loading=\"lazy\" role=\"img\"\/><\/figure><\/div>\n\n\n\n<div data-aos= \"fade-up\" data-aos-duration=\"400\" data-aos-delay=\"0\" data-aos-easing=\"ease\" data-aos-once=\"true\" class=\"wp-block-uagb-container uagb-block-9bbf8991 alignfull uagb-is-root-container\"><div class=\"uagb-container-inner-blocks-wrap\">\n<div class=\"wp-block-uagb-advanced-heading uagb-block-3120f324\"><h2 class=\"uagb-heading-text\">We have been working in the digital marketing sector for over 15 years, helping many companies to grow their business.<\/h2><\/div>\n<\/div><\/div>\n\n\n\n<div class=\"wp-block-uagb-container uagb-block-884423db alignfull uagb-is-root-container\"><div class=\"uagb-container-inner-blocks-wrap\">\n<div class=\"wp-block-uagb-image uagb-block-6a21e1de wp-block-uagb-image--layout-default wp-block-uagb-image--effect-static wp-block-uagb-image--align-none\"><figure class=\"wp-block-uagb-image__figure\"><img decoding=\"async\" srcset=\"https:\/\/adviventures.com\/wp-content\/uploads\/2025\/11\/WhatsApp-Image-2025-10-08-at-10.02.39-779x1024.jpeg ,https:\/\/adviventures.com\/wp-content\/uploads\/2025\/11\/WhatsApp-Image-2025-10-08-at-10.02.39-scaled.jpeg 780w, https:\/\/adviventures.com\/wp-content\/uploads\/2025\/11\/WhatsApp-Image-2025-10-08-at-10.02.39-scaled.jpeg 360w\" sizes=\"auto, (max-width: 480px) 150px\" src=\"https:\/\/adviventures.com\/wp-content\/uploads\/2025\/11\/WhatsApp-Image-2025-10-08-at-10.02.39-779x1024.jpeg\" alt=\"\" class=\"uag-image-1917\" width=\"600\" height=\"808\" title=\"WhatsApp Image 2025-10-08 at 10.02.39\" loading=\"lazy\" role=\"img\"\/><\/figure><\/div>\n\n\n\n<div class=\"wp-block-uagb-container uagb-block-25cab8fb\">\n<div class=\"wp-block-uagb-info-box uagb-block-0c4004a4 uagb-infobox__content-wrap  uagb-infobox-icon-above-title uagb-infobox-image-valign-top\"><div class=\"uagb-ifb-content\"><div class=\"uagb-ifb-title-wrap\"><div class=\"uagb-ifb-separator\"><\/div><h2 class=\"uagb-ifb-title\">Adri\u00e1n Villellas<\/h2><\/div><p class=\"uagb-ifb-desc\"><strong>Businessman and digital entrepreneur at the age of 24, with more than 6 companies created, acting as CEO of the group.<\/strong><br><br>I believe in the power of strategy and collaboration as drivers of progress.<\/p><div class=\"uagb-ifb-button-wrapper wp-block-button\"><a href=\"https:\/\/villellas.com\/\" class=\"uagb-infobox-cta-link ast-outline-button\" target=\"_blank\" rel=\"noopener noreferrer\" style=\"border-width:revert-layer\" onclick=\"return true;\"><span class=\"uagb-inline-editing\">Learn more<\/span><svg xmlns=\"https:\/\/www.w3.org\/2000\/svg\" viewbox=\"0 0 512 512\"><path d=\"M504.3 273.6l-112.1 104c-6.992 6.484-17.18 8.218-25.94 4.406c-8.758-3.812-14.42-12.45-14.42-21.1L351.9 288H32C14.33 288 .0002 273.7 .0002 255.1S14.33 224 32 224h319.9l0-72c0-9.547 5.66-18.19 14.42-22c8.754-3.809 18.95-2.075 25.94 4.41l112.1 104C514.6 247.9 514.6 264.1 504.3 273.6z\"><\/path><\/svg><\/a><\/div><\/div><\/div>\n\n\n\n<div class=\"wp-block-uagb-container uagb-block-33710d8d\">\n<div class=\"wp-block-uagb-container uagb-layout-grid uagb-block-1ce0d5a8\">\n<div class=\"wp-block-uagb-counter uagb-block-b8b7856b wp-block-uagb-counter--number\"><div class=\"wp-block-uagb-counter__number\"><span class=\"uagb-counter-block-number\" data-duration=\"0.5\" data-to-value=\"16\" data-from-value=\"0\" data-delimiter=\",\"><\/span><\/div><div class=\"wp-block-uagb-counter__title\">Add Your Title Here\u2026<\/div><\/div>\n\n\n\n<div class=\"wp-block-uagb-counter uagb-block-9b947065 wp-block-uagb-counter--number\"><div class=\"wp-block-uagb-counter__number\"><span class=\"uagb-counter-block-number\" data-duration=\"0.5\" data-to-value=\"4\" data-from-value=\"0\" data-delimiter=\",\"><\/span><\/div><div class=\"wp-block-uagb-counter__title\">Add Your Title Here\u2026<\/div><\/div>\n\n\n\n<div class=\"wp-block-uagb-advanced-heading uagb-block-4db8b455\"><p class=\"uagb-heading-text\">Years of experience<\/p><\/div>\n\n\n\n<div class=\"wp-block-uagb-advanced-heading uagb-block-434ffb59\"><p class=\"uagb-heading-text\">Awards &amp; Honors<\/p><\/div>\n<\/div>\n<\/div>\n<\/div>\n<\/div><\/div>\n\n\n\n<div style=\"height:100px\" aria-hidden=\"true\" class=\"wp-block-spacer\"><\/div>\n\n\n\n<p><\/p>","protected":false},"excerpt":{"rendered":"<p>Quienes somos Somos un grupo especializado en generar crecimiento sostenible a trav\u00e9s de la inversi\u00f3n y la estrategia empresarial. A\u00f1os de experiencia Awards &amp; Honors<\/p>","protected":false},"author":1,"featured_media":0,"parent":0,"menu_order":0,"comment_status":"closed","ping_status":"closed","template":"","meta":{"om_disable_all_campaigns":false,"_uag_custom_page_level_css":"","site-sidebar-layout":"no-sidebar","site-content-layout":"plain-container","ast-site-content-layout":"normal-width-container","site-content-style":"unboxed","site-sidebar-style":"unboxed","ast-global-header-display":"","ast-banner-title-visibility":"","ast-main-header-display":"","ast-hfb-above-header-display":"","ast-hfb-below-header-display":"","ast-hfb-mobile-header-display":"","site-post-title":"disabled","ast-breadcrumbs-content":"","ast-featured-img":"disabled","footer-sml-layout":"","ast-disable-related-posts":"","theme-transparent-header-meta":"enabled","adv-header-id-meta":"","stick-header-meta":"","header-above-stick-meta":"","header-main-stick-meta":"","header-below-stick-meta":"","astra-migrate-meta-layouts":"set","ast-page-background-enabled":"default","ast-page-background-meta":{"desktop":{"background-color":"","background-image":"","background-repeat":"repeat","background-position":"center center","background-size":"auto","background-attachment":"scroll","background-type":"","background-media":"","overlay-type":"","overlay-color":"","overlay-opacity":"","overlay-gradient":""},"tablet":{"background-color":"","background-image":"","background-repeat":"repeat","background-position":"center center","background-size":"auto","background-attachment":"scroll","background-type":"","background-media":"","overlay-type":"","overlay-color":"","overlay-opacity":"","overlay-gradient":""},"mobile":{"background-color":"","background-image":"","background-repeat":"repeat","background-position":"center center","background-size":"auto","background-attachment":"scroll","background-type":"","background-media":"","overlay-type":"","overlay-color":"","overlay-opacity":"","overlay-gradient":""}},"ast-content-background-meta":{"desktop":{"background-color":"var(--ast-global-color-5)","background-image":"","background-repeat":"repeat","background-position":"center center","background-size":"auto","background-attachment":"scroll","background-type":"","background-media":"","overlay-type":"","overlay-color":"","overlay-opacity":"","overlay-gradient":""},"tablet":{"background-color":"var(--ast-global-color-5)","background-image":"","background-repeat":"repeat","background-position":"center center","background-size":"auto","background-attachment":"scroll","background-type":"","background-media":"","overlay-type":"","overlay-color":"","overlay-opacity":"","overlay-gradient":""},"mobile":{"background-color":"var(--ast-global-color-5)","background-image":"","background-repeat":"repeat","background-position":"center center","background-size":"auto","background-attachment":"scroll","background-type":"","background-media":"","overlay-type":"","overlay-color":"","overlay-opacity":"","overlay-gradient":""}},"footnotes":""},"class_list":["post-11","page","type-page","status-publish","hentry"],"aioseo_notices":[],"_hostinger_reach_plugin_has_subscription_block":false,"_hostinger_reach_plugin_is_elementor":false,"uagb_featured_image_src":{"full":false,"thumbnail":false,"medium":false,"medium_large":false,"large":false,"1536x1536":false,"2048x2048":false,"trp-custom-language-flag":false},"uagb_author_info":{"display_name":"info@villellas.com","author_link":"https:\/\/adviventures.com\/en\/author\/infovillellas-com\/"},"uagb_comment_info":0,"uagb_excerpt":"Quienes somos Somos un grupo especializado en generar crecimiento sostenible a trav\u00e9s de la inversi\u00f3n y la estrategia empresarial. A\u00f1os de experiencia Awards &amp; Honors","_links":{"self":[{"href":"https:\/\/adviventures.com\/en\/wp-json\/wp\/v2\/pages\/11","targetHints":{"allow":["GET"]}}],"collection":[{"href":"https:\/\/adviventures.com\/en\/wp-json\/wp\/v2\/pages"}],"about":[{"href":"https:\/\/adviventures.com\/en\/wp-json\/wp\/v2\/types\/page"}],"author":[{"embeddable":true,"href":"https:\/\/adviventures.com\/en\/wp-json\/wp\/v2\/users\/1"}],"replies":[{"embeddable":true,"href":"https:\/\/adviventures.com\/en\/wp-json\/wp\/v2\/comments?post=11"}],"version-history":[{"count":17,"href":"https:\/\/adviventures.com\/en\/wp-json\/wp\/v2\/pages\/11\/revisions"}],"predecessor-version":[{"id":2108,"href":"https:\/\/adviventures.com\/en\/wp-json\/wp\/v2\/pages\/11\/revisions\/2108"}],"wp:attachment":[{"href":"https:\/\/adviventures.com\/en\/wp-json\/wp\/v2\/media?parent=11"}],"curies":[{"name":"wp","href":"https:\/\/api.w.org\/{rel}","templated":true}]}}